{"id":10396,"date":"2024-01-25T13:27:34","date_gmt":"2024-01-25T13:27:34","guid":{"rendered":"https:\/\/yoursafety.training\/newsletter-opt-in\/"},"modified":"2025-06-10T12:18:53","modified_gmt":"2025-06-10T12:18:53","slug":"newsletter-iscrizione","status":"publish","type":"page","link":"https:\/\/yoursafety.training\/it\/a-proposito-di-yoursafety-training\/newsletter-iscrizione\/","title":{"rendered":"Newsletter opt-in"},"content":{"rendered":"\t\t<div data-elementor-type=\"wp-page\" data-elementor-id=\"10396\" class=\"elementor elementor-10396 elementor-767\" data-elementor-post-type=\"page\">\n\t\t\t\t<div class=\"elementor-element elementor-element-5424b9c e-con-full e-flex e-con e-parent\" data-id=\"5424b9c\" data-element_type=\"container\" data-e-type=\"container\">\n\t\t\t\t<div class=\"elementor-element elementor-element-16f8cc6 elementor-widget__width-inherit elementor-widget elementor-widget-heading\" data-id=\"16f8cc6\" data-element_type=\"widget\" data-e-type=\"widget\" data-widget_type=\"heading.default\">\n\t\t\t\t<div class=\"elementor-widget-container\">\n\t\t\t\t\t<h2 class=\"elementor-heading-title elementor-size-default\">Newsletter<\/h2>\t\t\t\t<\/div>\n\t\t\t\t<\/div>\n\t\t\t\t<div class=\"elementor-element elementor-element-3e07abe elementor-widget__width-initial elementor-widget elementor-widget-text-editor\" data-id=\"3e07abe\" data-element_type=\"widget\" data-e-type=\"widget\" data-widget_type=\"text-editor.default\">\n\t\t\t\t<div class=\"elementor-widget-container\">\n\t\t\t\t\t\t\t\t\t<p>1 volta al mese, contenuti mirati per comprendere meglio, gestire meglio e restare al TOP!<\/p>\n\t\t\t\t\t\t\t\t<\/div>\n\t\t\t\t<\/div>\n\t\t\t\t<div class=\"elementor-element elementor-element-fb4a42d elementor-widget__width-initial elementor-widget-mobile__width-initial elementor-widget elementor-widget-html\" data-id=\"fb4a42d\" data-element_type=\"widget\" data-e-type=\"widget\" data-widget_type=\"html.default\">\n\t\t\t\t<div class=\"elementor-widget-container\">\n\t\t\t\t\t<!-- Begin Brevo Form --><!-- START - We recommend to place the below code in head tag of your website html --><style>  @font-face {    font-display: block;    font-family: Roboto;    src: url(https:\/\/assets.brevo.com\/font\/Roboto\/Latin\/normal\/normal\/7529907e9eaf8ebb5220c5f9850e3811.woff2) format(\"woff2\"), url(https:\/\/assets.brevo.com\/font\/Roboto\/Latin\/normal\/normal\/25c678feafdc175a70922a116c9be3e7.woff) format(\"woff\")  }  @font-face {    font-display: fallback;    font-family: Roboto;    font-weight: 600;    src: url(https:\/\/assets.brevo.com\/font\/Roboto\/Latin\/medium\/normal\/6e9caeeafb1f3491be3e32744bc30440.woff2) format(\"woff2\"), url(https:\/\/assets.brevo.com\/font\/Roboto\/Latin\/medium\/normal\/71501f0d8d5aa95960f6475d5487d4c2.woff) format(\"woff\")  }  @font-face {    font-display: fallback;    font-family: Roboto;    font-weight: 700;    src: url(https:\/\/assets.brevo.com\/font\/Roboto\/Latin\/bold\/normal\/3ef7cf158f310cf752d5ad08cd0e7e60.woff2) format(\"woff2\"), url(https:\/\/assets.brevo.com\/font\/Roboto\/Latin\/bold\/normal\/ece3a1d82f18b60bcce0211725c476aa.woff) format(\"woff\")  }  #sib-container input:-ms-input-placeholder {    text-align: left;    font-family: Helvetica, sans-serif;    color: #c0ccda;  }  #sib-container input::placeholder {    text-align: left;    font-family: Helvetica, sans-serif;    color: #c0ccda;  }  #sib-container textarea::placeholder {    text-align: left;    font-family: Helvetica, sans-serif;    color: #c0ccda;  }  #sib-container a {    text-decoration: underline;    color: #2BB2FC;  }<\/style><link rel=\"stylesheet\" href=\"https:\/\/sibforms.com\/forms\/end-form\/build\/sib-styles.css\"><!-- END - We recommend to place the above code in head tag of your website html --><!-- START - We recommend to place the below code where you want the form in your website html --><div class=\"sib-form\" style=\"text-align: center; background-color: transparent;  \">  <div id=\"sib-form-container\" class=\"sib-form-container\">    <div id=\"error-message\" class=\"sib-form-message-panel\" style=\"font-size:16px; text-align:left; font-family:Helvetica, sans-serif; color:#661d1d; background-color:#ffeded; border-radius:3px; border-color:#ff4949;max-width:380px;\">      <div class=\"sib-form-message-panel__text sib-form-message-panel__text--center\">        <svg viewbox=\"0 0 512 512\" class=\"sib-icon sib-notification__icon\">          <path d=\"M256 40c118.621 0 216 96.075 216 216 0 119.291-96.61 216-216 216-119.244 0-216-96.562-216-216 0-119.203 96.602-216 216-216m0-32C119.043 8 8 119.083 8 256c0 136.997 111.043 248 248 248s248-111.003 248-248C504 119.083 392.957 8 256 8zm-11.49 120h22.979c6.823 0 12.274 5.682 11.99 12.5l-7 168c-.268 6.428-5.556 11.5-11.99 11.5h-8.979c-6.433 0-11.722-5.073-11.99-11.5l-7-168c-.283-6.818 5.167-12.5 11.99-12.5zM256 340c-15.464 0-28 12.536-28 28s12.536 28 28 28 28-12.536 28-28-12.536-28-28-28z\"\/>        <\/svg>        <span class=\"sib-form-message-panel__inner-text\"> Non siamo riusciti a confermare la sua iscrizione. <\/span>      <\/div>    <\/div>    <div><\/div>    <div id=\"success-message\" class=\"sib-form-message-panel\" style=\"font-size:16px; text-align:left; font-family:Helvetica, sans-serif; color:#085229; background-color:#e7faf0; border-radius:3px; border-color:#13ce66;max-width:380px;\">      <div class=\"sib-form-message-panel__text sib-form-message-panel__text--center\">        <svg viewbox=\"0 0 512 512\" class=\"sib-icon sib-notification__icon\">          <path d=\"M256 8C119.033 8 8 119.033 8 256s111.033 248 248 248 248-111.033 248-248S392.967 8 256 8zm0 464c-118.664 0-216-96.055-216-216 0-118.663 96.055-216 216-216 118.664 0 216 96.055 216 216 0 118.663-96.055 216-216 216zm141.63-274.961L217.15 376.071c-4.705 4.667-12.303 4.637-16.97-.068l-85.878-86.572c-4.667-4.705-4.637-12.303.068-16.97l8.52-8.451c4.705-4.667 12.303-4.637 16.97.068l68.976 69.533 163.441-162.13c4.705-4.667 12.303-4.637 16.97.068l8.451 8.52c4.668 4.705 4.637 12.303-.068 16.97z\"\/>        <\/svg>        <span class=\"sib-form-message-panel__inner-text\"> La sua iscrizione \u00e8 confermata. <\/span>      <\/div>    <\/div>    <div><\/div>    <div id=\"sib-container\" class=\"sib-container--medium sib-container--vertical\" style=\"text-align:center; background-color:rgba(255,255,255,1); max-width:380px; border-radius:3px; border-width:1px; border-color:#C0CCD9; border-style:solid; direction:ltr\">      <form id=\"sib-form\" method=\"POST\" action=\"https:\/\/73733815.sibforms.com\/serve\/MUIFAPoATabYrp21FNIJdfVKWVYmQpr9jw2I9vcDSXCR05ZZAUNgeh1miRUXbsdELJh2-Kur_xz-gJ21VzwiYEmsjE0eoKFFs6B9E4eaTkBOWdIcgYYmPtIaQ-_ztHNIWMJuxc5Q_9JeVGkmKbW536DMB1_RIPcb36gyLr-IXT-9cN6Vybfdd5jWVxiClLsWjT5dQDw4e90Ni8Xn\" data-type=\"subscription\">        <div style=\"padding: 8px 0;\">          <div class=\"sib-input sib-form-block\">            <div class=\"form__entry entry_block\">              <div class=\"form__label-row \">                <div class=\"entry__field\">                  <input class=\"input \" maxlength=\"200\" type=\"text\" id=\"SOCIETE\" name=\"SOCIETE\" autocomplete=\"off\" placeholder=\"SOCIETA'\" data-required=\"true\" required=\"\">                <\/div>              <\/div>              <label class=\"entry__error entry__error--primary\" style=\"font-size:16px; text-align:left; font-family:Helvetica, sans-serif; color:#661d1d; background-color:#ffeded; border-radius:3px; border-color:#ff4949;\">              <\/label>            <\/div>          <\/div>        <\/div>        <div style=\"padding: 8px 0;\">          <div class=\"sib-input sib-form-block\">            <div class=\"form__entry entry_block\">              <div class=\"form__label-row \">                <div class=\"entry__field\">                  <input class=\"input \" maxlength=\"200\" type=\"text\" id=\"LASTNAME\" name=\"LASTNAME\" autocomplete=\"off\" placeholder=\"COGNOME\" data-required=\"true\" required=\"\">                <\/div>              <\/div>              <label class=\"entry__error entry__error--primary\" style=\"font-size:16px; text-align:left; font-family:Helvetica, sans-serif; color:#661d1d; background-color:#ffeded; border-radius:3px; border-color:#ff4949;\">              <\/label>            <\/div>          <\/div>        <\/div>        <div style=\"padding: 8px 0;\">          <div class=\"sib-input sib-form-block\">            <div class=\"form__entry entry_block\">              <div class=\"form__label-row \">                <div class=\"entry__field\">                  <input class=\"input \" type=\"text\" id=\"EMAIL\" name=\"EMAIL\" autocomplete=\"off\" placeholder=\"EMAIL\" data-required=\"true\" required=\"\">                <\/div>              <\/div>              <label class=\"entry__error entry__error--primary\" style=\"font-size:16px; text-align:left; font-family:Helvetica, sans-serif; color:#661d1d; background-color:#ffeded; border-radius:3px; border-color:#ff4949;\">              <\/label>            <\/div>          <\/div>        <\/div>        <div style=\"padding: 8px 0;\">          <div class=\"sib-optin sib-form-block\">            <div class=\"form__entry entry_mcq\">              <div class=\"form__label-row \">                <div class=\"entry__choice\" style=\"\">                  <label>                    <input type=\"checkbox\" class=\"input_replaced\" value=\"1\" id=\"OPT_IN\" name=\"OPT_IN\">                    <span class=\"checkbox checkbox_tick_positive\" style=\"margin-left:\"><\/span><span style=\"font-size:14px; text-align:left; font-family:Helvetica, sans-serif; color:#3C4858; background-color:transparent;\"><p>Accetto di ricevere le vostre e-mail e confermo di aver letto l'informativa sulla privacy e la nota legale.<\/p><\/span> <\/label>                <\/div>              <\/div>              <label class=\"entry__error entry__error--primary\" style=\"font-size:16px; text-align:left; font-family:Helvetica, sans-serif; color:#661d1d; background-color:#ffeded; border-radius:3px; border-color:#ff4949;\">              <\/label>              <label class=\"entry__specification\" style=\"font-size:12px; text-align:left; font-family:Helvetica, sans-serif; color:#8390A4; text-align:left\"> \u00c8 possibile annullare l'iscrizione in qualsiasi momento cliccando sul link presente nelle nostre e-mail. <\/label>            <\/div>          <\/div>        <\/div>        <div style=\"padding: 8px 0;\">          <div class=\"sib-captcha sib-form-block\">            <div class=\"form__entry entry_block\">              <div class=\"form__label-row \">                <script>                  function handleCaptchaResponse() {                    var event = new Event('captchaChange');                    document.getElementById('sib-captcha').dispatchEvent(event);                    window.grecaptcha = window.turnstile;                  }                <\/script>                <div class=\"cf-turnstile g-recaptcha\" data-sitekey=\"0x4AAAAAAAwk0NJPMOb4AVtQ\" id=\"sib-captcha\" data-callback=\"handleCaptchaResponse\" data-language=\"fr\"><\/div>              <\/div>              <label class=\"entry__error entry__error--primary\" style=\"font-size:16px; text-align:left; font-family:Helvetica, sans-serif; color:#661d1d; background-color:#ffeded; border-radius:3px; border-color:#ff4949;\">              <\/label>            <\/div>          <\/div>        <\/div>        <div style=\"padding: 8px 0;\">          <div class=\"sib-form__declaration\" style=\"direction:ltr\">            <div class=\"declaration-block-icon\">              <svg class=\"icon__SVG\" width=\"0\" height=\"0\" version=\"1.1\" xmlns=\"http:\/\/www.w3.org\/2000\/svg\">                <defs>                  <symbol id=\"svgIcon-sphere\" viewbox=\"0 0 63 63\">                    <path class=\"path1\" d=\"M31.54 0l1.05 3.06 3.385-.01-2.735 1.897 1.05 3.042-2.748-1.886-2.738 1.886 1.044-3.05-2.745-1.897h3.393zm13.97 3.019L46.555 6.4l3.384.01-2.743 2.101 1.048 3.387-2.752-2.1-2.752 2.1 1.054-3.382-2.745-2.105h3.385zm9.998 10.056l1.039 3.382h3.38l-2.751 2.1 1.05 3.382-2.744-2.091-2.743 2.091 1.054-3.381-2.754-2.1h3.385zM58.58 27.1l1.04 3.372h3.379l-2.752 2.096 1.05 3.387-2.744-2.091-2.75 2.092 1.054-3.387-2.747-2.097h3.376zm-3.076 14.02l1.044 3.364h3.385l-2.743 2.09 1.05 3.392-2.744-2.097-2.743 2.097 1.052-3.377-2.752-2.117 3.385-.01zm-9.985 9.91l1.045 3.364h3.393l-2.752 2.09 1.05 3.393-2.745-2.097-2.743 2.097 1.05-3.383-2.751-2.1 3.384-.01zM31.45 55.01l1.044 3.043 3.393-.008-2.752 1.9L34.19 63l-2.744-1.895-2.748 1.891 1.054-3.05-2.743-1.9h3.384zm-13.934-3.98l1.036 3.364h3.402l-2.752 2.09 1.053 3.393-2.747-2.097-2.752 2.097 1.053-3.382-2.743-2.1 3.384-.01zm-9.981-9.91l1.045 3.364h3.398l-2.748 2.09 1.05 3.392-2.753-2.1-2.752 2.096 1.053-3.382-2.743-2.102 3.384-.009zM4.466 27.1l1.038 3.372H8.88l-2.752 2.097 1.053 3.387-2.743-2.09-2.748 2.09 1.053-3.387L0 30.472h3.385zm3.069-14.025l1.045 3.382h3.395L9.23 18.56l1.05 3.381-2.752-2.09-2.752 2.09 1.053-3.381-2.744-2.1h3.384zm9.99-10.056L18.57 6.4l3.393.01-2.743 2.1 1.05 3.373-2.754-2.092-2.751 2.092 1.053-3.382-2.744-2.1h3.384zm24.938 19.394l-10-4.22a2.48 2.48 0 00-1.921 0l-10 4.22A2.529 2.529 0 0019 24.75c0 10.47 5.964 17.705 11.537 20.057a2.48 2.48 0 001.921 0C36.921 42.924 44 36.421 44 24.75a2.532 2.532 0 00-1.537-2.336zm-2.46 6.023l-9.583 9.705a.83.83 0 01-1.177 0l-5.416-5.485a.855.855 0 010-1.192l1.177-1.192a.83.83 0 011.177 0l3.65 3.697 7.819-7.916a.83.83 0 011.177 0l1.177 1.191a.843.843 0 010 1.192z\" fill=\"#0092FF\"><\/path>                  <\/path><\/symbol>                <\/defs>              <\/svg>              <svg class=\"svgIcon-sphere\" style=\"width:58.5px; height:58.5px;\">                <use xlink:href=\"#svgIcon-sphere\"\/>              <\/svg>            <\/div>            <div style=\"font-size:13px; text-align:left; font-family:Helvetica, sans-serif; color:#687484; background-color:transparent;\">              <p>Utilizziamo Brevo come piattaforma di marketing. Inviando questo modulo, l'utente accetta che i dati personali forniti possano essere trasferiti a Brevo per essere elaborati in conformit\u00e0 con <a href=\"https:\/\/www.brevo.com\/fr\/legal\/privacypolicy\/\" target=\"_blank\">la politica sulla privacy di Brevo.<\/a> <\/p>            <\/div>          <\/div>        <\/div>        <div style=\"padding: 8px 0;\">          <div class=\"sib-form-block\" style=\"text-align: center\">            <button class=\"sib-form-block__button sib-form-block__button-with-loader\" style=\"font-size:16px; text-align:center; font-weight:700; font-family:Helvetica, sans-serif; color:#FFFFFF; background-color:#3E4857; border-radius:3px; border-width:0px;\" form=\"sib-form\" type=\"submit\">              <svg class=\"icon clickable__icon progress-indicator__icon sib-hide-loader-icon\" viewbox=\"0 0 512 512\">                <path d=\"M460.116 373.846l-20.823-12.022c-5.541-3.199-7.54-10.159-4.663-15.874 30.137-59.886 28.343-131.652-5.386-189.946-33.641-58.394-94.896-95.833-161.827-99.676C261.028 55.961 256 50.751 256 44.352V20.309c0-6.904 5.808-12.337 12.703-11.982 83.556 4.306 160.163 50.864 202.11 123.677 42.063 72.696 44.079 162.316 6.031 236.832-3.14 6.148-10.75 8.461-16.728 5.01z\"\/>              <\/svg> REGISTRAZIONE <\/button>          <\/div>        <\/div>        <input type=\"text\" name=\"email_address_check\" value=\"\" class=\"input--hidden\">        <input type=\"hidden\" name=\"locale\" value=\"it\">      <\/form>    <\/div>  <\/div><\/div><!-- END - We recommend to place the above code where you want the form in your website html --><!-- START - We recommend to place the below code in footer or bottom of your website html --><script>  window.REQUIRED_CODE_ERROR_MESSAGE = 'Veuillez choisir un code pays';  window.LOCALE = 'fr';  window.EMAIL_INVALID_MESSAGE = window.SMS_INVALID_MESSAGE = \"Les informations que vous avez fournies ne sont pas valides. Veuillez v\u00e9rifier le format du champ et r\u00e9essayer.\";  window.REQUIRED_ERROR_MESSAGE = \"Vous devez renseigner ce champ. \";  window.GENERIC_INVALID_MESSAGE = \"Les informations que vous avez fournies ne sont pas valides. Veuillez v\u00e9rifier le format du champ et r\u00e9essayer.\";  window.translation = {    common: {      selectedList: '{quantity} liste s\u00e9lectionn\u00e9e',      selectedLists: '{quantity} listes s\u00e9lectionn\u00e9es'    }  };  var AUTOHIDE = Boolean(0);<\/script><script defer src=\"https:\/\/sibforms.com\/forms\/end-form\/build\/main.js\"><\/script><script src=\"https:\/\/challenges.cloudflare.com\/turnstile\/v0\/api.js\" async=\"\" defer><\/script><!-- END - We recommend to place the above code in footer or bottom of your website html --><!-- End Brevo Form -->\t\t\t\t<\/div>\n\t\t\t\t<\/div>\n\t\t\t\t<\/div>\n\t\t\t\t<\/div>\n\t\t","protected":false},"excerpt":{"rendered":"<p>Newsletter 1 volta al mese, contenuti mirati per comprendere meglio, gestire meglio e restare al TOP! Non siamo riusciti a confermare la sua iscrizione. La sua iscrizione \u00e8 confermata. Accetto di ricevere le vostre e-mail e confermo di aver letto l&#8217;informativa sulla privacy e la nota legale. \u00c8 possibile annullare l&#8217;iscrizione in qualsiasi momento cliccando [&hellip;]<\/p>\n","protected":false},"author":1,"featured_media":12773,"parent":10364,"menu_order":0,"comment_status":"closed","ping_status":"closed","template":"","meta":{"footnotes":""},"class_list":["post-10396","page","type-page","status-publish","has-post-thumbnail","hentry"],"aioseo_notices":[],"_links":{"self":[{"href":"https:\/\/yoursafety.training\/it\/wp-json\/wp\/v2\/pages\/10396","targetHints":{"allow":["GET"]}}],"collection":[{"href":"https:\/\/yoursafety.training\/it\/wp-json\/wp\/v2\/pages"}],"about":[{"href":"https:\/\/yoursafety.training\/it\/wp-json\/wp\/v2\/types\/page"}],"author":[{"embeddable":true,"href":"https:\/\/yoursafety.training\/it\/wp-json\/wp\/v2\/users\/1"}],"replies":[{"embeddable":true,"href":"https:\/\/yoursafety.training\/it\/wp-json\/wp\/v2\/comments?post=10396"}],"version-history":[{"count":0,"href":"https:\/\/yoursafety.training\/it\/wp-json\/wp\/v2\/pages\/10396\/revisions"}],"up":[{"embeddable":true,"href":"https:\/\/yoursafety.training\/it\/wp-json\/wp\/v2\/pages\/10364"}],"wp:featuredmedia":[{"embeddable":true,"href":"https:\/\/yoursafety.training\/it\/wp-json\/wp\/v2\/media\/12773"}],"wp:attachment":[{"href":"https:\/\/yoursafety.training\/it\/wp-json\/wp\/v2\/media?parent=10396"}],"curies":[{"name":"wp","href":"https:\/\/api.w.org\/{rel}","templated":true}]}}