{"id":24905,"date":"2024-07-29T14:48:31","date_gmt":"2024-07-29T14:48:31","guid":{"rendered":"https:\/\/yoursafety.training\/partner-di-fiducia\/ultrarealismo-sicurezza-formazione-esperienziale\/"},"modified":"2026-02-26T17:15:52","modified_gmt":"2026-02-26T17:15:52","slug":"ultrarealismo-sicurezza-formazione-esperienziale","status":"publish","type":"page","link":"https:\/\/yoursafety.training\/it\/partner-di-fiducia\/ultrarealismo-sicurezza-formazione-esperienziale\/","title":{"rendered":"La nostra firma &#8211; Ultra-realismo nella sicurezza"},"content":{"rendered":"\t\t<div data-elementor-type=\"wp-page\" data-elementor-id=\"24905\" class=\"elementor elementor-24905 elementor-1202\" data-elementor-post-type=\"page\">\n\t\t\t\t<div class=\"elementor-element elementor-element-7cbb61e e-con-full e-flex e-con e-parent\" data-id=\"7cbb61e\" data-element_type=\"container\" data-e-type=\"container\">\n\t\t<div class=\"elementor-element elementor-element-1773713 e-con-full e-flex e-con e-child\" data-id=\"1773713\" data-element_type=\"container\" data-e-type=\"container\">\n\t\t\t\t<div class=\"elementor-element elementor-element-d77eb4b elementor-widget__width-initial elementor-widget elementor-widget-heading\" data-id=\"d77eb4b\" data-element_type=\"widget\" data-e-type=\"widget\" data-widget_type=\"heading.default\">\n\t\t\t\t<div class=\"elementor-widget-container\">\n\t\t\t\t\t<h1 class=\"elementor-heading-title elementor-size-default\">Ultra-realismo nella sicurezza<\/h1>\t\t\t\t<\/div>\n\t\t\t\t<\/div>\n\t\t\t\t<div class=\"elementor-element elementor-element-80a01ae elementor-widget__width-initial elementor-widget elementor-widget-heading\" data-id=\"80a01ae\" data-element_type=\"widget\" data-e-type=\"widget\" data-widget_type=\"heading.default\">\n\t\t\t\t<div class=\"elementor-widget-container\">\n\t\t\t\t\t<h2 class=\"elementor-heading-title elementor-size-default\">Una firma assertiva<\/h2>\t\t\t\t<\/div>\n\t\t\t\t<\/div>\n\t\t\t\t<div class=\"elementor-element elementor-element-ad03359 elementor-widget__width-inherit elementor-widget-widescreen__width-initial evidence elementor-widget-tablet__width-inherit elementor-widget elementor-widget-text-editor\" data-id=\"ad03359\" data-element_type=\"widget\" data-e-type=\"widget\" data-widget_type=\"text-editor.default\">\n\t\t\t\t<div class=\"elementor-widget-container\">\n\t\t\t\t\t\t\t\t\t<p>\u201cCombinando l&#8217;ultra-realismo con la massima sicurezza, vi mostriamo quello che succeder\u00e0, non quello che sarebbe dovuto succedere.<\/p>\t\t\t\t\t\t\t\t<\/div>\n\t\t\t\t<\/div>\n\t\t\t\t<div class=\"elementor-element elementor-element-a15812c elementor-widget__width-initial elementor-widget-tablet__width-initial elementor-widget elementor-widget-text-editor\" data-id=\"a15812c\" data-element_type=\"widget\" data-e-type=\"widget\" data-widget_type=\"text-editor.default\">\n\t\t\t\t<div class=\"elementor-widget-container\">\n\t\t\t\t\t\t\t\t\t<p><strong>Sperimenta 10 anni di aggressivit\u00e0 in 1 giorno <\/strong>e sperimenta<span style=\"background-color: transparent;\">diversi scenari e soluzioni <\/span> senza giudicare<span style=\"background-color: transparent;\"> <\/span>. <span style=\"background-color: transparent;\">Questo, in poche parole, \u00e8 il nostro modo di guidarti attraverso le realt\u00e0 e le complessit\u00e0 del conflitto.<br><\/span><\/p><p><span style=\"background-color: transparent;\">Di fronte a situazioni estremamente realistiche, dovrai agire come meglio puoi. Ma nulla andr\u00e0 secondo i piani: non ci saranno gesti gentili o soluzioni miracolose. Vedrai i tuoi limiti (legali, tecnici, fisici, ecc.) e i tuoi punti di forza (personali e collettivi).  <\/span><\/p>\t\t\t\t\t\t\t\t<\/div>\n\t\t\t\t<\/div>\n\t\t<div class=\"elementor-element elementor-element-c641b51 e-con-full elementor-hidden-mobile e-flex e-con e-child\" data-id=\"c641b51\" data-element_type=\"container\" data-e-type=\"container\">\n\t\t\t\t<div class=\"elementor-element elementor-element-e34635c elementor-widget elementor-widget-menu-anchor\" data-id=\"e34635c\" data-element_type=\"widget\" data-e-type=\"widget\" data-widget_type=\"menu-anchor.default\">\n\t\t\t\t<div class=\"elementor-widget-container\">\n\t\t\t\t\t\t\t<div class=\"elementor-menu-anchor\" id=\"Ilmiocliente\"><\/div>\n\t\t\t\t\t\t<\/div>\n\t\t\t\t<\/div>\n\t\t\t\t<div class=\"elementor-element elementor-element-bfe4a13 arrow elementor-hidden-mobile elementor-view-default elementor-widget elementor-widget-icon\" data-id=\"bfe4a13\" data-element_type=\"widget\" data-e-type=\"widget\" data-widget_type=\"icon.default\">\n\t\t\t\t<div class=\"elementor-widget-container\">\n\t\t\t\t\t\t\t<div class=\"elementor-icon-wrapper\">\n\t\t\t<div class=\"elementor-icon\">\n\t\t\t<i aria-hidden=\"true\" class=\"fas fa-arrow-alt-circle-down\"><\/i>\t\t\t<\/div>\n\t\t<\/div>\n\t\t\t\t\t\t<\/div>\n\t\t\t\t<\/div>\n\t\t\t\t<\/div>\n\t\t\t\t<\/div>\n\t\t<div class=\"elementor-element elementor-element-157ccdf e-con-full main-section e-flex e-con e-child\" data-id=\"157ccdf\" data-element_type=\"container\" data-e-type=\"container\">\n\t\t\t\t<div class=\"elementor-element elementor-element-72d5cc8 elementor-widget-mobile__width-inherit elementor-widget elementor-widget-heading\" data-id=\"72d5cc8\" data-element_type=\"widget\" data-e-type=\"widget\" data-widget_type=\"heading.default\">\n\t\t\t\t<div class=\"elementor-widget-container\">\n\t\t\t\t\t<h2 class=\"elementor-heading-title elementor-size-default\">Come fare progressi nella gestione dei conflitti<\/h2>\t\t\t\t<\/div>\n\t\t\t\t<\/div>\n\t\t\t\t<div class=\"elementor-element elementor-element-e613ad8 elementor-widget__width-inherit elementor-widget elementor-widget-heading\" data-id=\"e613ad8\" data-element_type=\"widget\" data-e-type=\"widget\" data-widget_type=\"heading.default\">\n\t\t\t\t<div class=\"elementor-widget-container\">\n\t\t\t\t\t<div class=\"elementor-heading-title elementor-size-default\">Un ambiente sicuro. un'esperienza intensa <\/div>\t\t\t\t<\/div>\n\t\t\t\t<\/div>\n\t\t<div class=\"elementor-element elementor-element-c146488 e-con-full e-flex e-con e-child\" data-id=\"c146488\" data-element_type=\"container\" data-e-type=\"container\" data-settings=\"{&quot;background_background&quot;:&quot;classic&quot;}\">\n\t\t<div class=\"elementor-element elementor-element-cb72576 e-con-full e-flex e-con e-child\" data-id=\"cb72576\" data-element_type=\"container\" data-e-type=\"container\">\n\t\t\t\t<div class=\"elementor-element elementor-element-3b09546 elementor-widget__width-initial elementor-widget elementor-widget-heading\" data-id=\"3b09546\" data-element_type=\"widget\" data-e-type=\"widget\" data-widget_type=\"heading.default\">\n\t\t\t\t<div class=\"elementor-widget-container\">\n\t\t\t\t\t<h3 class=\"elementor-heading-title elementor-size-default\">il quadro<\/h3>\t\t\t\t<\/div>\n\t\t\t\t<\/div>\n\t\t\t\t<div class=\"elementor-element elementor-element-17b01bc elementor-widget__width-initial elementor-widget elementor-widget-heading\" data-id=\"17b01bc\" data-element_type=\"widget\" data-e-type=\"widget\" data-widget_type=\"heading.default\">\n\t\t\t\t<div class=\"elementor-widget-container\">\n\t\t\t\t\t<h4 class=\"elementor-heading-title elementor-size-default\">Massima sicurezza<\/h4>\t\t\t\t<\/div>\n\t\t\t\t<\/div>\n\t\t\t\t<div class=\"elementor-element elementor-element-d4e509f elementor-widget__width-initial elementor-widget-tablet__width-initial elementor-widget elementor-widget-text-editor\" data-id=\"d4e509f\" data-element_type=\"widget\" data-e-type=\"widget\" data-widget_type=\"text-editor.default\">\n\t\t\t\t<div class=\"elementor-widget-container\">\n\t\t\t\t\t\t\t\t\t<p>Lavoriamo per migliorare la tua sicurezza. Sarebbe stupido farsi male durante l&#8217;allenamento, quindi facciamo tutto il possibile per ridurre al minimo i rischi. <\/p>\t\t\t\t\t\t\t\t<\/div>\n\t\t\t\t<\/div>\n\t\t\t\t<\/div>\n\t\t<div class=\"elementor-element elementor-element-e2404a4 e-con-full e-flex e-con e-child\" data-id=\"e2404a4\" data-element_type=\"container\" data-e-type=\"container\">\n\t\t\t\t<div class=\"elementor-element elementor-element-184d4e5 elementor-widget__width-initial elementor-widget elementor-widget-text-editor\" data-id=\"184d4e5\" data-element_type=\"widget\" data-e-type=\"widget\" data-widget_type=\"text-editor.default\">\n\t\t\t\t<div class=\"elementor-widget-container\">\n\t\t\t\t\t\t\t\t\tCo-elaborazione del quadro e delle regole&nbsp;\t\t\t\t\t\t\t\t<\/div>\n\t\t\t\t<\/div>\n\t\t\t\t<div class=\"elementor-element elementor-element-bb82521 elementor-widget__width-initial elementor-widget elementor-widget-text-editor\" data-id=\"bb82521\" data-element_type=\"widget\" data-e-type=\"widget\" data-widget_type=\"text-editor.default\">\n\t\t\t\t<div class=\"elementor-widget-container\">\n\t\t\t\t\t\t\t\t\t<div>Definizione di intento<\/div>\t\t\t\t\t\t\t\t<\/div>\n\t\t\t\t<\/div>\n\t\t\t\t<div class=\"elementor-element elementor-element-c937f86 elementor-widget__width-initial elementor-widget elementor-widget-text-editor\" data-id=\"c937f86\" data-element_type=\"widget\" data-e-type=\"widget\" data-widget_type=\"text-editor.default\">\n\t\t\t\t<div class=\"elementor-widget-container\">\n\t\t\t\t\t\t\t\t\tDefinizione del livello di intensit\u00e0&nbsp;\t\t\t\t\t\t\t\t<\/div>\n\t\t\t\t<\/div>\n\t\t\t\t<div class=\"elementor-element elementor-element-63801b6 elementor-widget__width-initial elementor-widget elementor-widget-text-editor\" data-id=\"63801b6\" data-element_type=\"widget\" data-e-type=\"widget\" data-widget_type=\"text-editor.default\">\n\t\t\t\t<div class=\"elementor-widget-container\">\n\t\t\t\t\t\t\t\t\tAdattamento alla disabilit\u00e0&nbsp;\t\t\t\t\t\t\t\t<\/div>\n\t\t\t\t<\/div>\n\t\t\t\t<div class=\"elementor-element elementor-element-7fe9a1a elementor-widget__width-initial elementor-widget elementor-widget-text-editor\" data-id=\"7fe9a1a\" data-element_type=\"widget\" data-e-type=\"widget\" data-widget_type=\"text-editor.default\">\n\t\t\t\t<div class=\"elementor-widget-container\">\n\t\t\t\t\t\t\t\t\tRispetto per gli altri&nbsp;\t\t\t\t\t\t\t\t<\/div>\n\t\t\t\t<\/div>\n\t\t\t\t<div class=\"elementor-element elementor-element-e47babf elementor-widget__width-initial elementor-widget elementor-widget-text-editor\" data-id=\"e47babf\" data-element_type=\"widget\" data-e-type=\"widget\" data-widget_type=\"text-editor.default\">\n\t\t\t\t<div class=\"elementor-widget-container\">\n\t\t\t\t\t\t\t\t\tRispetto delle istruzioni di sicurezza&nbsp;\t\t\t\t\t\t\t\t<\/div>\n\t\t\t\t<\/div>\n\t\t\t\t<div class=\"elementor-element elementor-element-56687f9 elementor-widget__width-inherit elementor-icon-list--layout-traditional elementor-list-item-link-full_width elementor-widget elementor-widget-icon-list\" data-id=\"56687f9\" data-element_type=\"widget\" data-e-type=\"widget\" data-widget_type=\"icon-list.default\">\n\t\t\t\t<div class=\"elementor-widget-container\">\n\t\t\t\t\t\t\t<ul class=\"elementor-icon-list-items\">\n\t\t\t\t\t\t\t<li class=\"elementor-icon-list-item\">\n\t\t\t\t\t\t\t\t\t\t\t<a href=\"https:\/\/yoursafety.training\/it\/faq-it\/base-e-principi\/come-si-fa-a-garantire-la-sicurezza\/\">\n\n\t\t\t\t\t\t\t\t\t\t\t\t<span class=\"elementor-icon-list-icon\">\n\t\t\t\t\t\t\t<i aria-hidden=\"true\" class=\"far fa-question-circle\"><\/i>\t\t\t\t\t\t<\/span>\n\t\t\t\t\t\t\t\t\t\t<span class=\"elementor-icon-list-text\">Garantire la sicurezza del corso<\/span>\n\t\t\t\t\t\t\t\t\t\t\t<\/a>\n\t\t\t\t\t\t\t\t\t<\/li>\n\t\t\t\t\t\t<\/ul>\n\t\t\t\t\t\t<\/div>\n\t\t\t\t<\/div>\n\t\t\t\t<\/div>\n\t\t\t\t<\/div>\n\t\t<div class=\"elementor-element elementor-element-8f4014d e-con-full e-flex e-con e-child\" data-id=\"8f4014d\" data-element_type=\"container\" data-e-type=\"container\" data-settings=\"{&quot;background_background&quot;:&quot;classic&quot;}\">\n\t\t<div class=\"elementor-element elementor-element-688ca9b e-con-full e-flex e-con e-child\" data-id=\"688ca9b\" data-element_type=\"container\" data-e-type=\"container\">\n\t\t\t\t<div class=\"elementor-element elementor-element-c30f2e4 elementor-widget__width-initial elementor-widget elementor-widget-heading\" data-id=\"c30f2e4\" data-element_type=\"widget\" data-e-type=\"widget\" data-widget_type=\"heading.default\">\n\t\t\t\t<div class=\"elementor-widget-container\">\n\t\t\t\t\t<h3 class=\"elementor-heading-title elementor-size-default\">formazioni esperienziali<\/h3>\t\t\t\t<\/div>\n\t\t\t\t<\/div>\n\t\t\t\t<div class=\"elementor-element elementor-element-b73a803 elementor-widget__width-initial elementor-widget elementor-widget-heading\" data-id=\"b73a803\" data-element_type=\"widget\" data-e-type=\"widget\" data-widget_type=\"heading.default\">\n\t\t\t\t<div class=\"elementor-widget-container\">\n\t\t\t\t\t<h4 class=\"elementor-heading-title elementor-size-default\">ULTRArealismo\n<\/h4>\t\t\t\t<\/div>\n\t\t\t\t<\/div>\n\t\t\t\t<div class=\"elementor-element elementor-element-ddeb675 elementor-widget__width-initial elementor-widget-tablet__width-initial elementor-widget elementor-widget-text-editor\" data-id=\"ddeb675\" data-element_type=\"widget\" data-e-type=\"widget\" data-widget_type=\"text-editor.default\">\n\t\t\t\t<div class=\"elementor-widget-container\">\n\t\t\t\t\t\t\t\t\t<p>I nostri corsi di formazione sono densi e adattati il pi\u00f9 possibile al tuo livello di rischio. Ci esercitiamo costantemente per massimizzare il tempo di formazione.   <\/p>\t\t\t\t\t\t\t\t<\/div>\n\t\t\t\t<\/div>\n\t\t\t\t<\/div>\n\t\t<div class=\"elementor-element elementor-element-3b5092a e-con-full e-flex e-con e-child\" data-id=\"3b5092a\" data-element_type=\"container\" data-e-type=\"container\">\n\t\t\t\t<div class=\"elementor-element elementor-element-2954cf9 elementor-widget__width-initial elementor-widget elementor-widget-text-editor\" data-id=\"2954cf9\" data-element_type=\"widget\" data-e-type=\"widget\" data-widget_type=\"text-editor.default\">\n\t\t\t\t<div class=\"elementor-widget-container\">\n\t\t\t\t\t\t\t\t\tMassimo 1h30\/d di teoria   \t\t\t\t\t\t\t\t<\/div>\n\t\t\t\t<\/div>\n\t\t\t\t<div class=\"elementor-element elementor-element-b0db094 elementor-widget__width-initial elementor-widget elementor-widget-text-editor\" data-id=\"b0db094\" data-element_type=\"widget\" data-e-type=\"widget\" data-widget_type=\"text-editor.default\">\n\t\t\t\t<div class=\"elementor-widget-container\">\n\t\t\t\t\t\t\t\t\tScenari basati su casi concreti&nbsp;\t\t\t\t\t\t\t\t<\/div>\n\t\t\t\t<\/div>\n\t\t\t\t<div class=\"elementor-element elementor-element-01d6733 elementor-widget__width-initial elementor-widget elementor-widget-text-editor\" data-id=\"01d6733\" data-element_type=\"widget\" data-e-type=\"widget\" data-widget_type=\"text-editor.default\">\n\t\t\t\t<div class=\"elementor-widget-container\">\n\t\t\t\t\t\t\t\t\tCervello rettiliano \t\t\t\t\t\t\t\t<\/div>\n\t\t\t\t<\/div>\n\t\t\t\t<div class=\"elementor-element elementor-element-d71cb27 elementor-widget__width-inherit elementor-icon-list--layout-traditional elementor-list-item-link-full_width elementor-widget elementor-widget-icon-list\" data-id=\"d71cb27\" data-element_type=\"widget\" data-e-type=\"widget\" data-widget_type=\"icon-list.default\">\n\t\t\t\t<div class=\"elementor-widget-container\">\n\t\t\t\t\t\t\t<ul class=\"elementor-icon-list-items\">\n\t\t\t\t\t\t\t<li class=\"elementor-icon-list-item\">\n\t\t\t\t\t\t\t\t\t\t\t<a href=\"https:\/\/yoursafety.training\/it\/faq-it\/base-e-principi\/perche-lavorare-in-ultra-realismo\/\">\n\n\t\t\t\t\t\t\t\t\t\t\t\t<span class=\"elementor-icon-list-icon\">\n\t\t\t\t\t\t\t<i aria-hidden=\"true\" class=\"far fa-question-circle\"><\/i>\t\t\t\t\t\t<\/span>\n\t\t\t\t\t\t\t\t\t\t<span class=\"elementor-icon-list-text\">Scegliere l'ultra-realismo<\/span>\n\t\t\t\t\t\t\t\t\t\t\t<\/a>\n\t\t\t\t\t\t\t\t\t<\/li>\n\t\t\t\t\t\t<\/ul>\n\t\t\t\t\t\t<\/div>\n\t\t\t\t<\/div>\n\t\t\t\t<\/div>\n\t\t\t\t<\/div>\n\t\t\t\t<\/div>\n\t\t\t\t<div class=\"elementor-element elementor-element-4424860 elementor-widget elementor-widget-html\" data-id=\"4424860\" data-element_type=\"widget\" data-e-type=\"widget\" data-widget_type=\"html.default\">\n\t\t\t\t<div class=\"elementor-widget-container\">\n\t\t\t\t\t<script type=\"application\/ld+json\">{\r\n  \"@context\": \"https:\/\/schema.org\",\r\n  \"@type\": \"Article\",\r\n  \"@id\": \"https:\/\/yoursafety.training\/partenaire-de-confiance\/ultrarealisme-securite-signature-de-nos-formations-experientielles\/#article\",\r\n  \"headline\": \"Ultrar\u00e9alisme & s\u00e9curit\u00e9 : la signature de nos formations exp\u00e9rientielles\",\r\n  \"description\": \"D\u00e9couvrez comment l\u2019ultrar\u00e9alisme et la s\u00e9curit\u00e9 sont au c\u0153ur de nos formations exp\u00e9rientielles, pour une pr\u00e9paration optimale face aux situations tendues.\",\r\n  \"author\": {\r\n    \"@type\": \"Person\",\r\n    \"name\": \"J\u00e9r\u00f4me Bouteiller\"\r\n  },\r\n  \"publisher\": {\r\n    \"@type\": \"Organization\",\r\n    \"name\": \"YourSafety.training\",\r\n    \"url\": \"https:\/\/yoursafety.training\",\r\n    \"logo\": {\r\n      \"@type\": \"ImageObject\",\r\n      \"url\": \"https:\/\/yoursafety.training\/wp-content\/uploads\/2023\/10\/logo-yst.png\"\r\n    }\r\n  },\r\n  \"datePublished\": \"2024-04-10\",\r\n  \"mainEntityOfPage\": \"https:\/\/yoursafety.training\/partenaire-de-confiance\/ultrarealisme-securite-signature-de-nos-formations-experientielles\/\"\r\n}\r\n<\/script>\t\t\t\t<\/div>\n\t\t\t\t<\/div>\n\t\t\t\t<\/div>\n\t\t\t\t<\/div>\n\t\t","protected":false},"excerpt":{"rendered":"<p>Ultra-realismo nella sicurezza Una firma assertiva \u201cCombinando l&#8217;ultra-realismo con la massima sicurezza, vi mostriamo quello che succeder\u00e0, non quello che sarebbe dovuto succedere. Sperimenta 10 anni di aggressivit\u00e0 in 1 giorno e sperimentadiversi scenari e soluzioni senza giudicare . Questo, in poche parole, \u00e8 il nostro modo di guidarti attraverso le realt\u00e0 e le complessit\u00e0 [&hellip;]<\/p>\n","protected":false},"author":1,"featured_media":12773,"parent":12644,"menu_order":3,"comment_status":"closed","ping_status":"closed","template":"","meta":{"footnotes":""},"class_list":["post-24905","page","type-page","status-publish","has-post-thumbnail","hentry"],"aioseo_notices":[],"_links":{"self":[{"href":"https:\/\/yoursafety.training\/it\/wp-json\/wp\/v2\/pages\/24905","targetHints":{"allow":["GET"]}}],"collection":[{"href":"https:\/\/yoursafety.training\/it\/wp-json\/wp\/v2\/pages"}],"about":[{"href":"https:\/\/yoursafety.training\/it\/wp-json\/wp\/v2\/types\/page"}],"author":[{"embeddable":true,"href":"https:\/\/yoursafety.training\/it\/wp-json\/wp\/v2\/users\/1"}],"replies":[{"embeddable":true,"href":"https:\/\/yoursafety.training\/it\/wp-json\/wp\/v2\/comments?post=24905"}],"version-history":[{"count":1,"href":"https:\/\/yoursafety.training\/it\/wp-json\/wp\/v2\/pages\/24905\/revisions"}],"predecessor-version":[{"id":25843,"href":"https:\/\/yoursafety.training\/it\/wp-json\/wp\/v2\/pages\/24905\/revisions\/25843"}],"up":[{"embeddable":true,"href":"https:\/\/yoursafety.training\/it\/wp-json\/wp\/v2\/pages\/12644"}],"wp:featuredmedia":[{"embeddable":true,"href":"https:\/\/yoursafety.training\/it\/wp-json\/wp\/v2\/media\/12773"}],"wp:attachment":[{"href":"https:\/\/yoursafety.training\/it\/wp-json\/wp\/v2\/media?parent=24905"}],"curies":[{"name":"wp","href":"https:\/\/api.w.org\/{rel}","templated":true}]}}